{"id":1995,"date":"2020-08-29T16:12:42","date_gmt":"2020-08-29T09:12:42","guid":{"rendered":"https:\/\/aspswitchboards.com\/?page_id=1995"},"modified":"2026-01-22T10:21:32","modified_gmt":"2026-01-22T03:21:32","slug":"maintenance","status":"publish","type":"page","link":"https:\/\/aspswitchboards.com\/en\/maintenance\/","title":{"rendered":"MAINTENANCE"},"content":{"rendered":"<div class=\"wpb-content-wrapper\"><p>[vc_row][vc_column]<div class=\"product-grid\">\n    <div class=\"owl-carousel owl-theme style-carousel-3\">\n         <div class=\"px-2\">\n\t\t\t\t\t\t\t<div class=\"product-item mb-4\">\n\t\t\t\t\t\t\t\t<div class=\"product-thumb\">\n\t\t\t\t\t\t\t\t<a href=\"https:\/\/aspswitchboards.com\/en\/product\/phuoc-son-gold-company-limited\/\" title=\"PHUOC SON GOLD Co.,Ltd\"><img loading=\"lazy\" decoding=\"async\" width=\"440\" height=\"294\" src=\"https:\/\/aspswitchboards.com\/wp-content\/uploads\/2020\/10\/unnamed.jpg\" class=\"attachment-post-thumbnail size-post-thumbnail wp-post-image\" alt=\"\" srcset=\"https:\/\/aspswitchboards.com\/wp-content\/uploads\/2020\/10\/unnamed.jpg 440w, https:\/\/aspswitchboards.com\/wp-content\/uploads\/2020\/10\/unnamed-300x200.jpg 300w\" sizes=\"auto, (max-width: 440px) 100vw, 440px\" \/><\/a>\n\t\t\t\t\t\t\t\t<\/div>\n\t\t\t\t\t\t\t\t<h3 class=\"title\"><a href=\"https:\/\/aspswitchboards.com\/en\/product\/phuoc-son-gold-company-limited\/\" title=\"PHUOC SON GOLD Co.,Ltd\">PHUOC SON GOLD Co.,Ltd<\/a><\/h3>\n\t\t\t\t\t\t\t\t<\/div>\t\n\t\t\t\t\t\t<\/div>\n        <div class=\"px-2\">\n\t\t\t\t\t\t\t<div class=\"product-item mb-4\">\n\t\t\t\t\t\t\t\t<div class=\"product-thumb\">\n\t\t\t\t\t\t\t\t<a href=\"https:\/\/aspswitchboards.com\/en\/product\/mplaza-hotel\/\" title=\"MPLAZA HOTEL\"><img loading=\"lazy\" decoding=\"async\" width=\"605\" height=\"403\" src=\"https:\/\/aspswitchboards.com\/wp-content\/uploads\/2020\/10\/N44356-website.jpg\" class=\"attachment-post-thumbnail size-post-thumbnail wp-post-image\" alt=\"\" srcset=\"https:\/\/aspswitchboards.com\/wp-content\/uploads\/2020\/10\/N44356-website.jpg 605w, https:\/\/aspswitchboards.com\/wp-content\/uploads\/2020\/10\/N44356-website-300x200.jpg 300w\" sizes=\"auto, (max-width: 605px) 100vw, 605px\" \/><\/a>\n\t\t\t\t\t\t\t\t<\/div>\n\t\t\t\t\t\t\t\t<h3 class=\"title\"><a href=\"https:\/\/aspswitchboards.com\/en\/product\/mplaza-hotel\/\" title=\"MPLAZA HOTEL\">MPLAZA HOTEL<\/a><\/h3>\n\t\t\t\t\t\t\t\t<\/div>\t\n\t\t\t\t\t\t<\/div>\n        <div class=\"px-2\">\n\t\t\t\t\t\t\t<div class=\"product-item mb-4\">\n\t\t\t\t\t\t\t\t<div class=\"product-thumb\">\n\t\t\t\t\t\t\t\t<a href=\"https:\/\/aspswitchboards.com\/en\/product\/gem-center\/\" title=\"GEM CENTER\"><img loading=\"lazy\" decoding=\"async\" width=\"960\" height=\"640\" src=\"https:\/\/aspswitchboards.com\/wp-content\/uploads\/2020\/10\/Gem6.jpg\" class=\"attachment-post-thumbnail size-post-thumbnail wp-post-image\" alt=\"\" srcset=\"https:\/\/aspswitchboards.com\/wp-content\/uploads\/2020\/10\/Gem6.jpg 960w, https:\/\/aspswitchboards.com\/wp-content\/uploads\/2020\/10\/Gem6-300x200.jpg 300w, https:\/\/aspswitchboards.com\/wp-content\/uploads\/2020\/10\/Gem6-768x512.jpg 768w\" sizes=\"auto, (max-width: 960px) 100vw, 960px\" \/><\/a>\n\t\t\t\t\t\t\t\t<\/div>\n\t\t\t\t\t\t\t\t<h3 class=\"title\"><a href=\"https:\/\/aspswitchboards.com\/en\/product\/gem-center\/\" title=\"GEM CENTER\">GEM CENTER<\/a><\/h3>\n\t\t\t\t\t\t\t\t<\/div>\t\n\t\t\t\t\t\t<\/div>\n        <div class=\"px-2\">\n\t\t\t\t\t\t\t<div class=\"product-item mb-4\">\n\t\t\t\t\t\t\t\t<div class=\"product-thumb\">\n\t\t\t\t\t\t\t\t<a href=\"https:\/\/aspswitchboards.com\/en\/product\/xi-riverview-palace-maintenance\/\" title=\"XI RIVERVIEW PALACE\"><img loading=\"lazy\" decoding=\"async\" width=\"960\" height=\"650\" src=\"https:\/\/aspswitchboards.com\/wp-content\/uploads\/2020\/10\/Untitled-3-1.jpg\" class=\"attachment-post-thumbnail size-post-thumbnail wp-post-image\" alt=\"\" srcset=\"https:\/\/aspswitchboards.com\/wp-content\/uploads\/2020\/10\/Untitled-3-1.jpg 960w, https:\/\/aspswitchboards.com\/wp-content\/uploads\/2020\/10\/Untitled-3-1-300x203.jpg 300w, https:\/\/aspswitchboards.com\/wp-content\/uploads\/2020\/10\/Untitled-3-1-768x520.jpg 768w\" sizes=\"auto, (max-width: 960px) 100vw, 960px\" \/><\/a>\n\t\t\t\t\t\t\t\t<\/div>\n\t\t\t\t\t\t\t\t<h3 class=\"title\"><a href=\"https:\/\/aspswitchboards.com\/en\/product\/xi-riverview-palace-maintenance\/\" title=\"XI RIVERVIEW PALACE\">XI RIVERVIEW PALACE<\/a><\/h3>\n\t\t\t\t\t\t\t\t<\/div>\t\n\t\t\t\t\t\t<\/div>\n        <div class=\"px-2\">\n\t\t\t\t\t\t\t<div class=\"product-item mb-4\">\n\t\t\t\t\t\t\t\t<div class=\"product-thumb\">\n\t\t\t\t\t\t\t\t<a href=\"https:\/\/aspswitchboards.com\/en\/product\/sc-vivo-city-maintenance\/\" title=\"SC VIVO CITY\"><img loading=\"lazy\" decoding=\"async\" width=\"969\" height=\"660\" src=\"https:\/\/aspswitchboards.com\/wp-content\/uploads\/2020\/10\/Untitled-4.jpg\" class=\"attachment-post-thumbnail size-post-thumbnail wp-post-image\" alt=\"\" srcset=\"https:\/\/aspswitchboards.com\/wp-content\/uploads\/2020\/10\/Untitled-4.jpg 969w, https:\/\/aspswitchboards.com\/wp-content\/uploads\/2020\/10\/Untitled-4-300x204.jpg 300w, https:\/\/aspswitchboards.com\/wp-content\/uploads\/2020\/10\/Untitled-4-768x523.jpg 768w\" sizes=\"auto, (max-width: 969px) 100vw, 969px\" \/><\/a>\n\t\t\t\t\t\t\t\t<\/div>\n\t\t\t\t\t\t\t\t<h3 class=\"title\"><a href=\"https:\/\/aspswitchboards.com\/en\/product\/sc-vivo-city-maintenance\/\" title=\"SC VIVO CITY\">SC VIVO CITY<\/a><\/h3>\n\t\t\t\t\t\t\t\t<\/div>\t\n\t\t\t\t\t\t<\/div>\n    <\/div>\n    <\/div>\n[\/vc_column][\/vc_row][vc_row][vc_column width=&#8221;1\/2&#8243;][vc_column_text]<\/p>\n<h2 data-path-to-node=\"3\">1. C\u00e1c h\u1ea1ng m\u1ee5c b\u1ea3o tr\u00ec tr\u1ecdng y\u1ebfu<\/h2>\n<p data-path-to-node=\"4\">ASP cung c\u1ea5p gi\u1ea3i ph\u00e1p b\u1ea3o tr\u00ec tr\u1ecdn g\u00f3i (Turnkey) ho\u1eb7c theo y\u00eau c\u1ea7u, t\u1eadp trung v\u00e0o:<\/p>\n<ul data-path-to-node=\"5\">\n<li>\n<p data-path-to-node=\"5,0,0\"><b data-path-to-node=\"5,0,0\" data-index-in-node=\"0\">H\u1ec7 th\u1ed1ng t\u1ee7 \u0111i\u1ec7n h\u1ea1 th\u1ebf (MSB, DB):<\/b> Ki\u1ec3m tra c\u00e1c \u0111\u1ea7u n\u1ed1i, v\u1ec7 sinh thi\u1ebft b\u1ecb, \u0111o nhi\u1ec7t \u0111\u1ed9 c\u00e1c \u0111i\u1ec3m ti\u1ebfp x\u00fac b\u1eb1ng s\u00fang h\u1ed3ng ngo\u1ea1i \u0111\u1ec3 ph\u00e1t hi\u1ec7n s\u1edbm nguy c\u01a1 qu\u00e1 nhi\u1ec7t.<\/p>\n<\/li>\n<li>\n<p data-path-to-node=\"5,1,0\"><b data-path-to-node=\"5,1,0\" data-index-in-node=\"0\">H\u1ec7 th\u1ed1ng t\u1ee7 t\u1ee5 b\u00f9:<\/b> Ki\u1ec3m tra dung l\u01b0\u1ee3ng t\u1ee5, \u0111\u1ea3m b\u1ea3o h\u1ec7 s\u1ed1 c\u00f4ng su\u1ea5t (<span class=\"math-inline\" data-math=\"cos \\phi\" data-index-in-node=\"68\">cos \\phi<\/span>) lu\u00f4n \u0111\u1ea1t chu\u1ea9n \u0111\u1ec3 tr\u00e1nh b\u1ecb ph\u1ea1t ti\u1ec1n \u0111i\u1ec7n n\u0103ng ph\u1ea3n kh\u00e1ng.<\/p>\n<\/li>\n<li>\n<p data-path-to-node=\"5,2,0\"><b data-path-to-node=\"5,2,0\" data-index-in-node=\"0\">H\u1ec7 th\u1ed1ng chi\u1ebfu s\u00e1ng &amp; \u0111i\u1ec1u khi\u1ec3n:<\/b> Ki\u1ec3m tra t\u1ee7 \u0111i\u1ec1u khi\u1ec3n chi\u1ebfu s\u00e1ng, h\u1ec7 th\u1ed1ng c\u1ea3m bi\u1ebfn v\u00e0 c\u00e1c thi\u1ebft b\u1ecb \u0111\u00f3ng ng\u1eaft (MCB, MCCB, ACB).<\/p>\n<\/li>\n<li>\n<p data-path-to-node=\"5,3,0\"><b data-path-to-node=\"5,3,0\" data-index-in-node=\"0\">H\u1ec7 th\u1ed1ng \u0111i\u1ec7n d\u1ef1 ph\u00f2ng:<\/b> B\u1ea3o tr\u00ec m\u00e1y ph\u00e1t \u0111i\u1ec7n, h\u1ec7 th\u1ed1ng UPS \u0111\u1ea3m b\u1ea3o ngu\u1ed3n \u0111i\u1ec7n kh\u00f4ng b\u1ecb gi\u00e1n \u0111o\u1ea1n khi c\u00f3 s\u1ef1 c\u1ed1 l\u01b0\u1edbi \u0111i\u1ec7n.<\/p>\n<\/li>\n<\/ul>\n<p>[\/vc_column_text][vc_column_text]<\/p>\n<h2 data-path-to-node=\"7\">2. Gi\u1ea3i ph\u00e1p cho t\u1eebng ph\u00e2n kh\u00fac<\/h2>\n<h3 data-path-to-node=\"8\">\ud83c\udfe2 \u0110\u1ed1i v\u1edbi T\u00f2a nh\u00e0 &amp; Trung t\u00e2m th\u01b0\u01a1ng m\u1ea1i<\/h3>\n<p data-path-to-node=\"9\">T\u1ea1i \u0111\u00e2y, \u01b0u ti\u00ean h\u00e0ng \u0111\u1ea7u l\u00e0 <b data-path-to-node=\"9\" data-index-in-node=\"29\">s\u1ef1 \u1ed5n \u0111\u1ecbnh v\u00e0 t\u00ednh th\u1ea9m m\u1ef9<\/b>.<\/p>\n<ul data-path-to-node=\"10\">\n<li>\n<p data-path-to-node=\"10,0,0\">Ki\u1ec3m tra \u0111\u1ecbnh k\u1ef3 \u0111\u1ec3 tr\u00e1nh s\u1ef1 c\u1ed1 m\u1ea5t \u0111i\u1ec7n \u0111\u1ed9t ng\u1ed9t g\u00e2y \u1ea3nh h\u01b0\u1edfng \u0111\u1ebfn tr\u1ea3i nghi\u1ec7m kh\u00e1ch h\u00e0ng v\u00e0 c\u01b0 d\u00e2n.<\/p>\n<\/li>\n<li>\n<p data-path-to-node=\"10,1,0\">B\u1ea3o tr\u00ec h\u1ec7 th\u1ed1ng \u0111i\u1ec1u h\u00f2a trung t\u00e2m (Chiller\/VRV) v\u00e0 thang m\u00e1y g\u1eafn li\u1ec1n v\u1edbi t\u1ee7 \u0111i\u1ec7n \u0111\u1ed9ng l\u1ef1c.<\/p>\n<\/li>\n<li>\n<p data-path-to-node=\"10,2,0\">\u0110\u1ea3m b\u1ea3o h\u1ec7 th\u1ed1ng chi\u1ebfu s\u00e1ng qu\u1ea3ng c\u00e1o v\u00e0 tho\u00e1t hi\u1ec3m ho\u1ea1t \u0111\u1ed9ng 100%.<\/p>\n<\/li>\n<\/ul>\n<h3 data-path-to-node=\"11\">\ud83c\udfed \u0110\u1ed1i v\u1edbi Nh\u00e0 m\u00e1y &amp; X\u00ed nghi\u1ec7p<\/h3>\n<p data-path-to-node=\"12\">\u01afu ti\u00ean h\u00e0ng \u0111\u1ea7u l\u00e0 <b data-path-to-node=\"12\" data-index-in-node=\"20\">hi\u1ec7u su\u1ea5t v\u00e0 an to\u00e0n s\u1ea3n xu\u1ea5t<\/b>.<\/p>\n<ul data-path-to-node=\"13\">\n<li>\n<p data-path-to-node=\"13,0,0\">T\u1eadp trung b\u1ea3o tr\u00ec c\u00e1c t\u1ee7 \u0111i\u1ec7n \u0111i\u1ec1u khi\u1ec3n m\u00e1y m\u00f3c s\u1ea3n xu\u1ea5t (PLC, bi\u1ebfn t\u1ea7n).<\/p>\n<\/li>\n<li>\n<p data-path-to-node=\"13,1,0\">Th\u1ef1c hi\u1ec7n b\u1ea3o tr\u00ec v\u00e0o c\u00e1c gi\u1edd th\u1ea5p \u0111i\u1ec3m ho\u1eb7c ng\u00e0y ngh\u1ec9 \u0111\u1ec3 kh\u00f4ng l\u00e0m gi\u00e1n \u0111o\u1ea1n d\u00e2y chuy\u1ec1n.<\/p>\n<\/li>\n<li>\n<p data-path-to-node=\"13,2,0\">Ph\u00e2n t\u00edch ch\u1ea5t l\u01b0\u1ee3ng \u0111i\u1ec7n n\u0103ng \u0111\u1ec3 b\u1ea3o v\u1ec7 c\u00e1c thi\u1ebft b\u1ecb \u0111i\u1ec7n t\u1eed nh\u1ea1y c\u1ea3m.<\/p>\n<\/li>\n<\/ul>\n<p>[\/vc_column_text][vc_column_text]<\/p>\n<h2 data-path-to-node=\"15\">3. Quy tr\u00ecnh l\u00e0m vi\u1ec7c chuy\u00ean nghi\u1ec7p c\u1ee7a ASP<\/h2>\n<p data-path-to-node=\"16\">ASP \u00e1p d\u1ee5ng quy tr\u00ecnh chu\u1ea9n \u0111\u1ec3 kh\u00e1ch h\u00e0ng d\u1ec5 d\u00e0ng theo d\u00f5i:<\/p>\n<ol start=\"1\" data-path-to-node=\"17\">\n<li>\n<p data-path-to-node=\"17,0,0\"><b data-path-to-node=\"17,0,0\" data-index-in-node=\"0\">Kh\u1ea3o s\u00e1t &amp; \u0110\u00e1nh gi\u00e1:<\/b> \u0110\u1ed9i ng\u0169 k\u1ef9 thu\u1eadt \u0111\u1ebfn t\u1eadn n\u01a1i ki\u1ec3m tra hi\u1ec7n tr\u1ea1ng h\u1ec7 th\u1ed1ng mi\u1ec5n ph\u00ed.<\/p>\n<\/li>\n<li>\n<p data-path-to-node=\"17,1,0\"><b data-path-to-node=\"17,1,0\" data-index-in-node=\"0\">L\u1eadp ph\u01b0\u01a1ng \u00e1n b\u1ea3o tr\u00ec:<\/b> \u0110\u1ec1 xu\u1ea5t l\u1ed9 tr\u00ecnh b\u1ea3o tr\u00ec (th\u00e1ng\/qu\u00fd\/n\u0103m) v\u00e0 b\u00e1o gi\u00e1 chi ti\u1ebft.<\/p>\n<\/li>\n<li>\n<p data-path-to-node=\"17,2,0\"><b data-path-to-node=\"17,2,0\" data-index-in-node=\"0\">Th\u1ef1c thi chuy\u00ean m\u00f4n:<\/b> S\u1eed d\u1ee5ng m\u00e1y m\u00f3c hi\u1ec7n \u0111\u1ea1i (m\u00e1y \u0111o \u0111i\u1ec7n tr\u1edf c\u00e1ch \u0111i\u1ec7n, camera nhi\u1ec7t) \u0111\u1ec3 x\u1eed l\u00fd.<\/p>\n<\/li>\n<li>\n<p data-path-to-node=\"17,3,0\"><b data-path-to-node=\"17,3,0\" data-index-in-node=\"0\">B\u00e1o c\u00e1o &amp; Khuy\u1ebfn ngh\u1ecb:<\/b> G\u1eedi b\u00e1o c\u00e1o k\u1ef9 thu\u1eadt sau khi ho\u00e0n th\u00e0nh, k\u00e8m theo c\u00e1c c\u1ea3nh b\u00e1o v\u1ec1 thi\u1ebft b\u1ecb c\u00f3 nguy c\u01a1 h\u1ecfng h\u00f3c trong t\u01b0\u01a1ng lai.<\/p>\n<\/li>\n<\/ol>\n<p>[\/vc_column_text][vc_column_text]<\/p>\n<h2 data-path-to-node=\"19\">4. T\u1ea1i sao n\u00ean ch\u1ecdn d\u1ecbch v\u1ee5 c\u1ee7a ASP?<\/h2>\n<ul data-path-to-node=\"20\">\n<li>\n<p data-path-to-node=\"20,0,0\"><b data-path-to-node=\"20,0,0\" data-index-in-node=\"0\">\u0110\u1ed9i ng\u0169 k\u1ef9 s\u01b0 gi\u00e0u kinh nghi\u1ec7m:<\/b> Am hi\u1ec3u c\u00e1c ti\u00eau chu\u1ea9n k\u1ef9 thu\u1eadt \u0111i\u1ec7n qu\u1ed1c gia v\u00e0 qu\u1ed1c t\u1ebf.<\/p>\n<\/li>\n<li>\n<p data-path-to-node=\"20,1,0\"><b data-path-to-node=\"20,1,0\" data-index-in-node=\"0\">Thi\u1ebft b\u1ecb hi\u1ec7n \u0111\u1ea1i:<\/b> S\u1eed d\u1ee5ng c\u00e1c thi\u1ebft b\u1ecb \u0111o ki\u1ec3m chuy\u00ean d\u1ee5ng gi\u00fap ph\u00e1t hi\u1ec7n l\u1ed7i m\u00e0 m\u1eaft th\u01b0\u1eddng kh\u00f4ng th\u1ea5y \u0111\u01b0\u1ee3c.<\/p>\n<\/li>\n<li>\n<p data-path-to-node=\"20,2,0\"><b data-path-to-node=\"20,2,0\" data-index-in-node=\"0\">H\u1ed7 tr\u1ee3 24\/7:<\/b> S\u1eb5n s\u00e0ng \u1ee9ng c\u1ee9u s\u1ef1 c\u1ed1 kh\u1ea9n c\u1ea5p \u0111\u1ec3 gi\u1ea3m thi\u1ec3u th\u1eddi gian d\u1eebng ho\u1ea1t \u0111\u1ed9ng c\u1ee7a kh\u00e1ch h\u00e0ng.<\/p>\n<\/li>\n<li>\n<p data-path-to-node=\"20,3,0\"><b data-path-to-node=\"20,3,0\" data-index-in-node=\"0\">Ti\u1ebft ki\u1ec7m chi ph\u00ed:<\/b> B\u1ea3o tr\u00ec ng\u0103n ng\u1eeba gi\u00fap k\u00e9o d\u00e0i tu\u1ed5i th\u1ecd thi\u1ebft b\u1ecb, gi\u1ea3m chi ph\u00ed s\u1eeda ch\u1eefa thay m\u1edbi t\u1ed1n k\u00e9m.<\/p>\n<\/li>\n<\/ul>\n<p>[\/vc_column_text][\/vc_column][vc_column width=&#8221;1\/2&#8243;][vc_row_inner][vc_column_inner][\/vc_column_inner][\/vc_row_inner][vc_single_image image=&#8221;2456&#8243; img_size=&#8221;full&#8221; alignment=&#8221;center&#8221;][vc_row_inner][vc_column_inner][\/vc_column_inner][\/vc_row_inner][vc_single_image image=&#8221;2486&#8243; img_size=&#8221;full&#8221; alignment=&#8221;center&#8221;][\/vc_column][\/vc_row]<\/p>\n<\/div>","protected":false},"excerpt":{"rendered":"<p>[vc_row][vc_column][\/vc_column][\/vc_row][vc_row][vc_column width=&#8221;1\/2&#8243;][vc_column_text] 1. C\u00e1c h\u1ea1ng m\u1ee5c b\u1ea3o tr\u00ec tr\u1ecdng y\u1ebfu ASP cung c\u1ea5p gi\u1ea3i ph\u00e1p b\u1ea3o tr\u00ec tr\u1ecdn g\u00f3i (Turnkey) ho\u1eb7c theo y\u00eau c\u1ea7u, t\u1eadp trung v\u00e0o: H\u1ec7 th\u1ed1ng t\u1ee7 \u0111i\u1ec7n h\u1ea1 th\u1ebf (MSB, DB): Ki\u1ec3m tra c\u00e1c \u0111\u1ea7u n\u1ed1i, v\u1ec7 sinh thi\u1ebft b\u1ecb, \u0111o nhi\u1ec7t \u0111\u1ed9 c\u00e1c \u0111i\u1ec3m ti\u1ebfp x\u00fac b\u1eb1ng s\u00fang h\u1ed3ng ngo\u1ea1i<\/p>\n","protected":false},"author":1,"featured_media":0,"parent":0,"menu_order":0,"comment_status":"closed","ping_status":"closed","template":"page-templates\/fullwidthpage.php","meta":{"_acf_changed":false,"footnotes":""},"class_list":["post-1995","page","type-page","status-publish","hentry"],"acf":[],"_links":{"self":[{"href":"https:\/\/aspswitchboards.com\/en\/wp-json\/wp\/v2\/pages\/1995","targetHints":{"allow":["GET"]}}],"collection":[{"href":"https:\/\/aspswitchboards.com\/en\/wp-json\/wp\/v2\/pages"}],"about":[{"href":"https:\/\/aspswitchboards.com\/en\/wp-json\/wp\/v2\/types\/page"}],"author":[{"embeddable":true,"href":"https:\/\/aspswitchboards.com\/en\/wp-json\/wp\/v2\/users\/1"}],"replies":[{"embeddable":true,"href":"https:\/\/aspswitchboards.com\/en\/wp-json\/wp\/v2\/comments?post=1995"}],"version-history":[{"count":6,"href":"https:\/\/aspswitchboards.com\/en\/wp-json\/wp\/v2\/pages\/1995\/revisions"}],"predecessor-version":[{"id":2522,"href":"https:\/\/aspswitchboards.com\/en\/wp-json\/wp\/v2\/pages\/1995\/revisions\/2522"}],"wp:attachment":[{"href":"https:\/\/aspswitchboards.com\/en\/wp-json\/wp\/v2\/media?parent=1995"}],"curies":[{"name":"wp","href":"https:\/\/api.w.org\/{rel}","templated":true}]}}