{"id":1724,"date":"2019-11-08T10:26:03","date_gmt":"2019-11-08T03:26:03","guid":{"rendered":"https:\/\/aspswitchboards.com\/?page_id=1724"},"modified":"2019-11-08T10:31:16","modified_gmt":"2019-11-08T03:31:16","slug":"giai-phap-thuong-mai-cong-nghiep","status":"publish","type":"page","link":"https:\/\/aspswitchboards.com\/vi\/giai-phap-thuong-mai-cong-nghiep\/","title":{"rendered":"GI\u1ea2I PH\u00c1P TH\u01af\u01a0NG M\u1ea0I &#038; C\u00d4NG NGHI\u1ec6P"},"content":{"rendered":"<p><img loading=\"lazy\" decoding=\"async\" class=\"wp-image-1267 alignleft\" src=\"https:\/\/aspswitchboards.com\/wp-content\/uploads\/2019\/10\/vista-us-trading-lg-300x177.jpg\" alt=\"\" width=\"238\" height=\"140\" srcset=\"https:\/\/aspswitchboards.com\/wp-content\/uploads\/2019\/10\/vista-us-trading-lg-300x177.jpg 300w, https:\/\/aspswitchboards.com\/wp-content\/uploads\/2019\/10\/vista-us-trading-lg-768x453.jpg 768w, https:\/\/aspswitchboards.com\/wp-content\/uploads\/2019\/10\/vista-us-trading-lg.jpg 932w\" sizes=\"auto, (max-width: 238px) 100vw, 238px\" \/><\/p>\n<p><strong>H\u1ec6 TH\u1ed0NG N\u0102NG L\u01af\u1ee2NG M\u1eb6T TR\u1edcI T\u1ed0T NH\u1ea4T<\/strong><\/p>\n<p>Th\u01b0\u01a1ng hi\u1ec7u c\u1ee7a\u00a0 h\u1ec7 th\u1ed1ng n\u0103ng l\u01b0\u1ee3ng th\u01b0\u01a1ng m\u1ea1i<br \/>\nCh\u00fang t\u00f4i h\u1ee3p t\u00e1c v\u1edbi c\u00e1c th\u01b0\u01a1ng hi\u1ec7u c\u1ee7a c\u00e1c t\u1eadp \u0111o\u00e0n l\u1edbn nh\u1ea5t th\u1ebf gi\u1edbi \u0111\u1ec3 cung c\u1ea5p c\u00e1c gi\u1ea3i ph\u00e1p n\u0103ng l\u01b0\u1ee3ng m\u1eb7t tr\u1eddi t\u1ed1t nh\u1ea5t. Ch\u00fang t\u00f4i cam k\u1ebft cung c\u1ea5p c\u00e1c t\u1ea5m pin n\u0103ng l\u01b0\u1ee3ng v\u00e0 b\u1ed9 bi\u1ebfn t\u1ea7n ch\u1ea5t l\u01b0\u1ee3ng cao nh\u1ea5t. \u0110\u00e2y l\u00e0 l\u00fd do ch\u00fang t\u00f4i l\u00e0 nh\u00e0 cung c\u1ea5p n\u0103ng l\u01b0\u1ee3ng m\u1eb7t tr\u1eddi h\u00e0ng \u0111\u1ea7u t\u1ea1i VI\u1ec6T NAM.<\/p>\n<p>\u0110\u00e1ng tin c\u1eady + Hi\u1ec7u qu\u1ea3 = Ti\u1ebft ki\u1ec7m<br \/>\ntin c\u1eady v\u00e0 hi\u1ec7u qu\u1ea3 l\u00e0 nh\u1eefng \u0111\u1eb7c \u0111i\u1ec3m ch\u00fang t\u00f4i mu\u1ed1n trong m\u1ed7i s\u1ea3n ph\u1ea9m c\u1ee7a m\u00ecnh.<\/p>\n<p style=\"text-align: left;\">Lu\u00f4n mang \u0111\u1ebfn nh\u1eefng gi\u00e1 tr\u1ecb t\u1ed1t nh\u1ea5t cho qu\u00fd kh\u00e1ch h\u00e0ng.<\/p>\n<p>&nbsp;<\/p>\n<p>&nbsp;<\/p>\n<p>&nbsp;<\/p>\n<p>&nbsp;<\/p>\n<p>&nbsp;<\/p>\n<p>&nbsp;<\/p>\n<p>&nbsp;<\/p>\n","protected":false},"excerpt":{"rendered":"<p>H\u1ec6 TH\u1ed0NG N\u0102NG L\u01af\u1ee2NG M\u1eb6T TR\u1edcI T\u1ed0T NH\u1ea4T Th\u01b0\u01a1ng hi\u1ec7u c\u1ee7a\u00a0 h\u1ec7 th\u1ed1ng n\u0103ng l\u01b0\u1ee3ng th\u01b0\u01a1ng m\u1ea1i Ch\u00fang t\u00f4i h\u1ee3p t\u00e1c v\u1edbi c\u00e1c th\u01b0\u01a1ng hi\u1ec7u c\u1ee7a c\u00e1c t\u1eadp \u0111o\u00e0n l\u1edbn nh\u1ea5t th\u1ebf gi\u1edbi \u0111\u1ec3 cung c\u1ea5p c\u00e1c gi\u1ea3i ph\u00e1p n\u0103ng l\u01b0\u1ee3ng m\u1eb7t tr\u1eddi t\u1ed1t nh\u1ea5t. Ch\u00fang t\u00f4i cam k\u1ebft cung c\u1ea5p c\u00e1c t\u1ea5m pin n\u0103ng<\/p>\n","protected":false},"author":1,"featured_media":0,"parent":0,"menu_order":0,"comment_status":"closed","ping_status":"closed","template":"","meta":{"_acf_changed":false,"footnotes":""},"class_list":["post-1724","page","type-page","status-publish","hentry"],"acf":[],"_links":{"self":[{"href":"https:\/\/aspswitchboards.com\/vi\/wp-json\/wp\/v2\/pages\/1724","targetHints":{"allow":["GET"]}}],"collection":[{"href":"https:\/\/aspswitchboards.com\/vi\/wp-json\/wp\/v2\/pages"}],"about":[{"href":"https:\/\/aspswitchboards.com\/vi\/wp-json\/wp\/v2\/types\/page"}],"author":[{"embeddable":true,"href":"https:\/\/aspswitchboards.com\/vi\/wp-json\/wp\/v2\/users\/1"}],"replies":[{"embeddable":true,"href":"https:\/\/aspswitchboards.com\/vi\/wp-json\/wp\/v2\/comments?post=1724"}],"version-history":[{"count":8,"href":"https:\/\/aspswitchboards.com\/vi\/wp-json\/wp\/v2\/pages\/1724\/revisions"}],"predecessor-version":[{"id":1827,"href":"https:\/\/aspswitchboards.com\/vi\/wp-json\/wp\/v2\/pages\/1724\/revisions\/1827"}],"wp:attachment":[{"href":"https:\/\/aspswitchboards.com\/vi\/wp-json\/wp\/v2\/media?parent=1724"}],"curies":[{"name":"wp","href":"https:\/\/api.w.org\/{rel}","templated":true}]}}