{"id":1761,"date":"2019-11-07T11:02:21","date_gmt":"2019-11-07T04:02:21","guid":{"rendered":"https:\/\/aspswitchboards.com\/?page_id=1761"},"modified":"2019-11-07T11:38:32","modified_gmt":"2019-11-07T04:38:32","slug":"residental","status":"publish","type":"page","link":"https:\/\/aspswitchboards.com\/vi\/residental\/","title":{"rendered":"H\u1ec6 TH\u1ed0NG CHO H\u1ed8 GIA \u0110\u00ccNH"},"content":{"rendered":"<p><img loading=\"lazy\" decoding=\"async\" class=\"size-medium wp-image-1262 alignleft\" src=\"https:\/\/aspswitchboards.com\/wp-content\/uploads\/2019\/10\/AltairSolar_Creatives_residential-300x200.jpg\" alt=\"\" width=\"300\" height=\"200\" srcset=\"https:\/\/aspswitchboards.com\/wp-content\/uploads\/2019\/10\/AltairSolar_Creatives_residential-300x200.jpg 300w, https:\/\/aspswitchboards.com\/wp-content\/uploads\/2019\/10\/AltairSolar_Creatives_residential-768x513.jpg 768w, https:\/\/aspswitchboards.com\/wp-content\/uploads\/2019\/10\/AltairSolar_Creatives_residential-1024x683.jpg 1024w, https:\/\/aspswitchboards.com\/wp-content\/uploads\/2019\/10\/AltairSolar_Creatives_residential.jpg 1500w\" sizes=\"auto, (max-width: 300px) 100vw, 300px\" \/><\/p>\n<p><strong>Gi\u1ea3i ph\u00e1p h\u1ec7 th\u1ed1ng n\u0103ng l\u01b0\u1ee3ng cho h\u1ed9 gia \u0111\u00ecnh g\u1ed3m :<\/strong><\/p>\n<p><strong>H\u1ec7 th\u1ed1ng h\u00f2a l\u01b0\u1edbi d\u1ef1 tr\u1eef v\u00e0 h\u1ec7 th\u1ed1ng h\u00f2a l\u01b0\u1edbi kh\u00f4ng d\u1ef1 tr\u1eef.\u00a0<\/strong><\/p>\n<p><strong>\u01afu \u0111i\u1ec3m c\u1eeda h\u1ec7 th\u1ed1ng n\u0103ng l\u01b0\u1ee3ng m\u1eb7t tr\u1eddi ASP Solar:<\/strong><\/p>\n<p>&#8211; Ti\u1ebft ki\u1ec7m \u0111i\u1ec7n n\u0103ng, gi\u1ea3m chi ph\u00ed ti\u1ec1n \u0111i\u1ec7n h\u00e0ng th\u00e1ng.<\/p>\n<p>&#8211; H\u1ec7 th\u1ed1ng \u0111i\u1ec7n n\u0103ng l\u01b0\u1ee3ng m\u1eb7t tr\u1eddi c\u00f3 hi\u1ec7u su\u1ea5t cao t\u1eeb 98%.<\/p>\n<p>&#8211; Ch\u1ee7 \u0111\u1ed9ng ngu\u1ed3n n\u0103ng l\u01b0\u1ee3ng, gi\u1ea3m l\u01b0\u1ee3ng ph\u00e1t th\u1ea3i CO<sub>2<\/sub>\u00a0ra m\u00f4i tr\u01b0\u1eddng.<\/p>\n<p>&#8211; H\u1ec7 th\u1ed1ng gi\u00e1m s\u00e1t th\u00f4ng minh ASP Monitoring.<\/p>\n<p>&#8211; Kh\u1ea3o s\u00e1t, l\u1eafp \u0111\u1eb7t v\u00e0 gi\u00e1m s\u00e1t b\u1edfi c\u00e1c chuy\u00ean gia nhi\u1ec1u n\u0103m kinh nghi\u1ec7m.<\/p>\n<p>&#8211; C\u00f3 th\u1ec3 m\u1edf r\u1ed9ng, n\u00e2ng c\u1ea5p h\u1ec7 th\u1ed1ng n\u0103ng l\u01b0\u1ee3ng m\u1eb7t tr\u1eddi d\u1ec5 d\u00e0ng.<\/p>\n<p>V\u1edbi b\u1ec1 d\u00e0y kinh nghi\u1ec7m v\u1ec1 nghi\u00ean c\u1ee9u v\u00e0 ph\u00e1t tri\u1ec3n &#8211; uy t\u00edn l\u00e0 y\u1ebfu t\u1ed1 c\u1ed1t l\u00f5i h\u00ecnh th\u00e0nh n\u00ean th\u01b0\u01a1ng hi\u1ec7u <strong>ASP Solar<\/strong>, h\u1ec7 th\u1ed1ng \u0111i\u1ec7n n\u0103ng l\u01b0\u1ee3ng m\u1eb7t tr\u1eddi h\u1ed9 gia \u0111\u00ecnh c\u1ee7a <strong>ASP Solar<\/strong> \u0111ang l\u00e0 l\u1ef1a ch\u1ecdn h\u00e0ng \u0111\u1ea7u c\u1ee7a\u00a0 kh\u00e1ch h\u00e0ng\u00a0 \u0111\u1ebfn t\u1eeb c\u00e1c h\u1ed9 gia \u0111\u00ecnh tr\u00ean c\u1ea3 n\u01b0\u1edbc.<\/p>\n","protected":false},"excerpt":{"rendered":"<p>Gi\u1ea3i ph\u00e1p h\u1ec7 th\u1ed1ng n\u0103ng l\u01b0\u1ee3ng cho h\u1ed9 gia \u0111\u00ecnh g\u1ed3m : H\u1ec7 th\u1ed1ng h\u00f2a l\u01b0\u1edbi d\u1ef1 tr\u1eef v\u00e0 h\u1ec7 th\u1ed1ng h\u00f2a l\u01b0\u1edbi kh\u00f4ng d\u1ef1 tr\u1eef.\u00a0 \u01afu \u0111i\u1ec3m c\u1eeda h\u1ec7 th\u1ed1ng n\u0103ng l\u01b0\u1ee3ng m\u1eb7t tr\u1eddi ASP Solar: &#8211; Ti\u1ebft ki\u1ec7m \u0111i\u1ec7n n\u0103ng, gi\u1ea3m chi ph\u00ed ti\u1ec1n \u0111i\u1ec7n h\u00e0ng th\u00e1ng. &#8211; H\u1ec7 th\u1ed1ng \u0111i\u1ec7n n\u0103ng l\u01b0\u1ee3ng<\/p>\n","protected":false},"author":1,"featured_media":0,"parent":0,"menu_order":0,"comment_status":"closed","ping_status":"closed","template":"","meta":{"_acf_changed":false,"footnotes":""},"class_list":["post-1761","page","type-page","status-publish","hentry"],"acf":[],"_links":{"self":[{"href":"https:\/\/aspswitchboards.com\/vi\/wp-json\/wp\/v2\/pages\/1761","targetHints":{"allow":["GET"]}}],"collection":[{"href":"https:\/\/aspswitchboards.com\/vi\/wp-json\/wp\/v2\/pages"}],"about":[{"href":"https:\/\/aspswitchboards.com\/vi\/wp-json\/wp\/v2\/types\/page"}],"author":[{"embeddable":true,"href":"https:\/\/aspswitchboards.com\/vi\/wp-json\/wp\/v2\/users\/1"}],"replies":[{"embeddable":true,"href":"https:\/\/aspswitchboards.com\/vi\/wp-json\/wp\/v2\/comments?post=1761"}],"version-history":[{"count":8,"href":"https:\/\/aspswitchboards.com\/vi\/wp-json\/wp\/v2\/pages\/1761\/revisions"}],"predecessor-version":[{"id":1787,"href":"https:\/\/aspswitchboards.com\/vi\/wp-json\/wp\/v2\/pages\/1761\/revisions\/1787"}],"wp:attachment":[{"href":"https:\/\/aspswitchboards.com\/vi\/wp-json\/wp\/v2\/media?parent=1761"}],"curies":[{"name":"wp","href":"https:\/\/api.w.org\/{rel}","templated":true}]}}