{"id":1788,"date":"2019-11-07T11:46:11","date_gmt":"2019-11-07T04:46:11","guid":{"rendered":"https:\/\/aspswitchboards.com\/?page_id=1788"},"modified":"2019-11-08T09:36:49","modified_gmt":"2019-11-08T02:36:49","slug":"solar-water-pumping","status":"publish","type":"page","link":"https:\/\/aspswitchboards.com\/vi\/solar-water-pumping\/","title":{"rendered":"GI\u1ea2I PH\u00c1P CHO H\u1ec6 TH\u1ed0NG B\u01a0M N\u01af\u1edaC"},"content":{"rendered":"<p><strong><img loading=\"lazy\" decoding=\"async\" class=\" wp-image-1255 alignleft\" src=\"https:\/\/aspswitchboards.com\/wp-content\/uploads\/2019\/10\/solar-water-pumping-solutions1-800x403-300x151.jpg\" alt=\"\" width=\"403\" height=\"203\" srcset=\"https:\/\/aspswitchboards.com\/wp-content\/uploads\/2019\/10\/solar-water-pumping-solutions1-800x403-300x151.jpg 300w, https:\/\/aspswitchboards.com\/wp-content\/uploads\/2019\/10\/solar-water-pumping-solutions1-800x403-768x387.jpg 768w, https:\/\/aspswitchboards.com\/wp-content\/uploads\/2019\/10\/solar-water-pumping-solutions1-800x403.jpg 800w\" sizes=\"auto, (max-width: 403px) 100vw, 403px\" \/><\/strong>Nh\u1eefng l\u1ee3i \u00edch t\u1eeb h\u1ec7 th\u1ed1ng b\u01a1m n\u01b0\u1edbc s\u1eed d\u1ee5ng n\u0103ng l\u01b0\u1ee3ng m\u1eb7t tr\u1eddi l\u00e0 kh\u00f4ng th\u1ec3 ph\u1ee7 nh\u1eadn, <strong>T\u1ea1i ASP Solar ch\u00fang t\u00f4i t\u1ef1 h\u00e0o cung c\u1ea5p s\u1ea3n ph\u1ea9m d\u1ecbch v\u1ee5\u00a0 gi\u1ea3i ph\u00e1p h\u1ec7 th\u1ed1ng b\u01a1m n\u01b0\u1edbc \u0111\u1ed9c l\u1eadp t\u1ed1t nh\u1ea5t x\u00f3a n\u1ed7i lo thi\u1ebfu \u0111i\u1ec7n t\u01b0\u1edbi ti\u00eau cho n\u00f4ng d\u00e2n t\u1ea1i c\u00e1c trang tr\u1ea1i v\u00f9ng s\u00e2u, v\u00f9ng xa<\/strong>. H\u1ec7 th\u1ed1ng t\u1eadn d\u1ee5ng ngu\u1ed3n \u0111i\u1ec7n t\u1eeb m\u1eb7t tr\u1eddi \u0111\u1ec3 \u0111i\u1ec1u khi\u1ec3n tr\u1ef1c ti\u1ebfp m\u00e1y b\u01a1m n\u01b0\u1edbc. Ngu\u1ed3n n\u01b0\u1edbc \u0111\u01b0\u1ee3c b\u01a1m l\u00ean v\u00e0 d\u1ef1 tr\u1eef v\u00e0o c\u00e1c h\u1ed3 ch\u1ee9a \u0111\u1ec3 t\u01b0\u1edbi ti\u00eau trong ng\u00e0y.<\/p>\n<div><strong>H\u1ec7 th\u1ed1ng b\u01a1m n\u01b0\u1edbc \u0111\u1ed9c l\u1eadp ho\u1ea1t \u0111\u1ed9ng th\u1ebf n\u00e0o?<\/strong><\/div>\n<div>H\u1ec7 th\u1ed1ng pin n\u0103ng l\u01b0\u1ee3ng m\u1eb7t tr\u1eddi nh\u1eadn b\u1ee9c x\u1ea1 m\u1eb7t tr\u1eddi v\u00e0 chuy\u1ec3n h\u00f3a th\u00e0nh \u0111i\u1ec7n n\u0103ng cung c\u1ea5p cho bi\u1ebfn t\u1ea7n n\u0103ng l\u01b0\u1ee3ng m\u1eb7t tr\u1eddi \u0111\u1ec3 \u0111i\u1ec1u khi\u1ec3n tr\u1ef1c ti\u1ebfp m\u00e1y b\u01a1m n\u01b0\u1edbc 1 pha ho\u1eb7c 3 pha (220V\/ 380V) m\u00e0 kh\u00f4ng c\u1ea7n \u0111i\u1ec7n l\u01b0\u1edbi.<\/div>\n<div>N\u01b0\u1edbc \u0111\u01b0\u1ee3c b\u01a1m tr\u1ef1c ti\u1ebfp t\u1eeb s\u00f4ng, su\u1ed1i, gi\u1ebfng \u0111\u00ea\u0309 t\u01b0\u01a1\u0301i cho c\u00e2y tr\u00f4\u0300ng ho\u1eb7c \u0111\u01b0\u1ee3c d\u1ef1 tr\u1eef v\u00e0o c\u00e1c h\u1ed3 ch\u1ee9a \u0111\u1ec3 s\u1eb5n s\u00e0ng cho vi\u1ec7c t\u01b0\u1edbi ti\u00eau b\u1ea5t k\u1ef3 th\u1eddi \u0111i\u1ec3m n\u00e0o trong ng\u00e0y.<\/div>\n<div>+ \u01afu \u0111i\u1ec3m c\u1ee7a h\u1ec7 th\u1ed1ng:<\/div>\n<div>\n<ul>\n<li><strong>Ch\u1ee7 \u0111\u1ed9ng ngu\u1ed3n n\u01b0\u1edbc b\u01a1m t\u01b0\u1edbi<\/strong><\/li>\n<\/ul>\n<div>\u00a0 \u0110i\u1ec7n m\u1eb7t tr\u1eddi \u0111i\u1ec1u khi\u1ec3n tr\u1ef1c ti\u1ebfp m\u00e1y b\u01a1m cung c\u1ea5p n\u0103ng l\u01b0\u1ee3ng d\u1ed3i d\u00e0o cho ho\u1ea1t \u0111\u1ed9ng b\u01a1m t\u01b0\u1edbi. Nh\u1edd \u0111\u00f3, ng\u01b0\u1eddi v\u1eadn h\u00e0nh c\u00f3 th\u1ec3 ch\u1ee7 \u0111\u1ed9ng ngu\u1ed3n n\u01b0\u1edbc t\u01b0\u1edbi<\/div>\n<div>\u00a0 ti\u00eau\u00a0 b\u1ea5t k\u1ef3 th\u1eddi \u0111i\u1ec3m n\u00e0o trong ng\u00e0y. \u0110\u00e2y l\u00e0 gi\u1ea3i ph\u00e1p l\u00fd t\u01b0\u1edfng cho c\u00e1c trang tr\u1ea1i tr\u1ed3ng rau, c\u00e2y \u0103n tr\u00e1i, cafe, cao su, \u0111i\u1ec1u, thanh long&#8230;<\/div>\n<div>\n<ul>\n<li><strong>Kh\u00f4ng t\u1ed1n chi ph\u00ed nhi\u00ean li\u1ec7u v\u00e0 nh\u00e2n c\u00f4ng<\/strong><\/li>\n<\/ul>\n<div>\u00a0 H\u1ec7 th\u1ed1ng v\u1eadn h\u00e0nh t\u1ef1 \u0111\u1ed9ng, y\u00ean t\u0129nh, kh\u00f4ng s\u1eed d\u1ee5ng nhi\u00ean li\u1ec7u (x\u0103ng, d\u1ea7u&#8230;) gi\u00e1 th\u00e0nh cao, g\u00e2y \u00f4 nhi\u1ec5m, \u0111\u1ed9c h\u1ea1i n\u00ean r\u1ea5t th\u00e2n thi\u00ean v\u1edbi m\u00f4i tr\u01b0\u1eddng v\u00e0 kh\u00f4ng t\u1ed1n<\/div>\n<div>\u00a0 chi ph\u00ed nhi\u00ean li\u1ec7u, nh\u00e2n c\u00f4ng.<\/div>\n<div>\n<ul>\n<li><strong>Gi\u1ea3m chi ph\u00ed, t\u0103ng n\u0103ng su\u1ea5t\u00a0<\/strong><\/li>\n<\/ul>\n<div>\u00a0 Khi l\u1eafp \u0111\u1eb7t h\u1ec7 th\u1ed1ng \u0111i\u1ec7n m\u1eb7t tr\u1eddi, trang tr\u1ea1i c\u00f3 ngu\u1ed3n n\u01b0\u1edbc t\u01b0\u1edbi \u1ed5n \u0111\u1ecbnh, n\u00f4ng s\u1ea3n t\u0103ng n\u0103ng su\u1ea5t, gi\u1ea3m chi ph\u00ed nhi\u00ean li\u1ec7u, nh\u1edd \u0111\u00f3 thu nh\u1eadp c\u1ee7a n\u00f4ng d\u00e2n c\u0169ng<\/div>\n<div>\u00a0 t\u0103ng l\u00ean \u0111\u00e1ng k\u1ec3.<\/div>\n<\/div>\n<\/div>\n<\/div>\n<p>&nbsp;<\/p>\n<p>&nbsp;<\/p>\n<p>&nbsp;<\/p>\n<p>&nbsp;<\/p>\n","protected":false},"excerpt":{"rendered":"<p>Nh\u1eefng l\u1ee3i \u00edch t\u1eeb h\u1ec7 th\u1ed1ng b\u01a1m n\u01b0\u1edbc s\u1eed d\u1ee5ng n\u0103ng l\u01b0\u1ee3ng m\u1eb7t tr\u1eddi l\u00e0 kh\u00f4ng th\u1ec3 ph\u1ee7 nh\u1eadn, T\u1ea1i ASP Solar ch\u00fang t\u00f4i t\u1ef1 h\u00e0o cung c\u1ea5p s\u1ea3n ph\u1ea9m d\u1ecbch v\u1ee5\u00a0 gi\u1ea3i ph\u00e1p h\u1ec7 th\u1ed1ng b\u01a1m n\u01b0\u1edbc \u0111\u1ed9c l\u1eadp t\u1ed1t nh\u1ea5t x\u00f3a n\u1ed7i lo thi\u1ebfu \u0111i\u1ec7n t\u01b0\u1edbi ti\u00eau cho n\u00f4ng d\u00e2n t\u1ea1i c\u00e1c trang<\/p>\n","protected":false},"author":1,"featured_media":0,"parent":0,"menu_order":0,"comment_status":"closed","ping_status":"closed","template":"","meta":{"_acf_changed":false,"footnotes":""},"class_list":["post-1788","page","type-page","status-publish","hentry"],"acf":[],"_links":{"self":[{"href":"https:\/\/aspswitchboards.com\/vi\/wp-json\/wp\/v2\/pages\/1788","targetHints":{"allow":["GET"]}}],"collection":[{"href":"https:\/\/aspswitchboards.com\/vi\/wp-json\/wp\/v2\/pages"}],"about":[{"href":"https:\/\/aspswitchboards.com\/vi\/wp-json\/wp\/v2\/types\/page"}],"author":[{"embeddable":true,"href":"https:\/\/aspswitchboards.com\/vi\/wp-json\/wp\/v2\/users\/1"}],"replies":[{"embeddable":true,"href":"https:\/\/aspswitchboards.com\/vi\/wp-json\/wp\/v2\/comments?post=1788"}],"version-history":[{"count":7,"href":"https:\/\/aspswitchboards.com\/vi\/wp-json\/wp\/v2\/pages\/1788\/revisions"}],"predecessor-version":[{"id":1795,"href":"https:\/\/aspswitchboards.com\/vi\/wp-json\/wp\/v2\/pages\/1788\/revisions\/1795"}],"wp:attachment":[{"href":"https:\/\/aspswitchboards.com\/vi\/wp-json\/wp\/v2\/media?parent=1788"}],"curies":[{"name":"wp","href":"https:\/\/api.w.org\/{rel}","templated":true}]}}