{"id":1798,"date":"2019-11-08T10:08:09","date_gmt":"2019-11-08T03:08:09","guid":{"rendered":"https:\/\/aspswitchboards.com\/?page_id=1798"},"modified":"2019-11-08T10:10:32","modified_gmt":"2019-11-08T03:10:32","slug":"giai-phap-toi-uu-hoa-dien-tich","status":"publish","type":"page","link":"https:\/\/aspswitchboards.com\/vi\/giai-phap-toi-uu-hoa-dien-tich\/","title":{"rendered":"GI\u1ea2I PH\u00c1P T\u1ed0I \u01afU H\u00d3A DI\u1ec6N T\u00cdCH"},"content":{"rendered":"<p>&nbsp;<\/p>\n<h3><strong>KH\u1ea2O S\u00c1T C\u00d4NG TR\u00ccNH.<\/strong><\/h3>\n<p>ASP Solar ti\u1ebfp c\u1eadn t\u1eebng c\u00f4ng tr\u00ecnh m\u1ed9t c\u00e1ch th\u1eadn tr\u1ecdng, b\u1edfi v\u00ec ch\u00fang t\u00f4i bi\u1ebft c\u00f3 bao nhi\u00eau y\u1ebfu t\u1ed1 c\u1ea7n ph\u1ea3i chu\u1ea9n b\u1ecb tr\u01b0\u1edbc khi m\u1ed9t d\u1ef1 \u00e1n c\u00f3 th\u1ec3 ti\u1ebfn h\u00e0nh. Ch\u00fang t\u00f4i lu\u00f4n th\u1ef1c hi\u1ec7n c\u00f4ng vi\u1ec7c m\u1ed9t c\u00e1ch nhanh ch\u00f3ng h\u1ee3p t\u00e1c t\u1ed1t v\u1edbi ch\u00ednh quy\u1ec1n \u0111\u1ecba ph\u01b0\u01a1ng v\u1ec1 ph\u01b0\u01a1ng \u00e1n, s\u1ea3n l\u01b0\u1ee3ng, \u0111\u01b0a ra nh\u1eefng gi\u1ea3i ph\u00e1p t\u1ed1t nh\u1ea5t \u0111\u1ec3 ng\u01b0\u1eddi ti\u00eau d\u00f9ng v\u00e0 ban qu\u1ea3n l\u00ed \u0111\u1ecba ph\u01b0\u01a1ng c\u00f3 th\u1ec3 ch\u1ecdn ra, \u0111\u1ea3m b\u1ea3o\u00a0 ch\u1eafc r\u1eb1ng ch\u00fang t\u00f4i kh\u00f4ng l\u00e3ng ph\u00ed th\u1eddi gian c\u1ee7a b\u1ea5t k\u00ec ai, b\u1ea5t k\u00ec d\u1ef1 \u00e1n n\u00e0o.<\/p>\n<h4>L\u1ee3i \u00edch c\u1ee7a h\u1ec7 th\u1ed1ng n\u0103ng &amp;\u00a0 s\u1ef1 h\u1ee3p t\u00e1c ph\u00e1t tri\u1ec3n<\/h4>\n<ul>\n<li>\u0110a d\u1ea1ng h\u00f3a: \u0110a d\u1ea1ng h\u00f3a danh m\u1ee5c \u0111\u1ea7u t\u01b0 n\u0103ng l\u01b0\u1ee3ng c\u1ee7a b\u1ea1n.<\/li>\n<li>Chi ph\u00ed th\u1ea5p: Gi\u00e1 b\u00e1n c\u1ed1 \u0111\u1ecbnh v\u00e0 s\u1ea3n l\u01b0\u1ee3ng \u0111\u01b0\u1ee3c \u0111\u1ea3m b\u1ea3o trong h\u01a1n 25 n\u0103m, v\u1edbi chi ph\u00ed O &amp; M h\u1ea1n ch\u1ebf v\u00e0 gi\u00e1 b\u00e1n kh\u00f4ng b\u1ecb \u1ea3nh h\u01b0\u1edfng b\u1edfi gi\u00e1 c\u1ee7a n\u0103ng l\u01b0\u1ee3ng. h\u00f3a th\u1ea1ch.<\/li>\n<li>Qu\u1ea3n l\u00fd c\u00f4ng su\u1ea5t theo v\u00f9ng: Tri\u1ec3n khai nhanh n\u0103ng l\u01b0\u1ee3ng m\u1edbi trung t\u00e2m ph\u1ee5 t\u1ea3i, b\u00f9 \u0111\u1eafp nhu c\u1ea7u v\u1ec1 n\u0103ng l\u01b0\u1ee3ng v\u00e0 c\u00f4ng su\u1ea5t truy\u1ec1n t\u1ea3i.T\u00ednh b\u1ec1n v\u1eefng:<\/li>\n<li>S\u1eed d\u1ee5ng c\u00e1c ngu\u1ed3n n\u0103ng l\u01b0\u1ee3ng t\u00e1i t\u1ea1o, v\u00f4 h\u1ea1n<\/li>\n<\/ul>\n<p>&nbsp;<\/p>\n<p>&nbsp;<\/p>\n<p>&nbsp;<\/p>\n<p>&nbsp;<\/p>\n<p>&nbsp;<\/p>\n","protected":false},"excerpt":{"rendered":"<p>&nbsp; KH\u1ea2O S\u00c1T C\u00d4NG TR\u00ccNH. ASP Solar ti\u1ebfp c\u1eadn t\u1eebng c\u00f4ng tr\u00ecnh m\u1ed9t c\u00e1ch th\u1eadn tr\u1ecdng, b\u1edfi v\u00ec ch\u00fang t\u00f4i bi\u1ebft c\u00f3 bao nhi\u00eau y\u1ebfu t\u1ed1 c\u1ea7n ph\u1ea3i chu\u1ea9n b\u1ecb tr\u01b0\u1edbc khi m\u1ed9t d\u1ef1 \u00e1n c\u00f3 th\u1ec3 ti\u1ebfn h\u00e0nh. Ch\u00fang t\u00f4i lu\u00f4n th\u1ef1c hi\u1ec7n c\u00f4ng vi\u1ec7c m\u1ed9t c\u00e1ch nhanh ch\u00f3ng h\u1ee3p t\u00e1c t\u1ed1t v\u1edbi ch\u00ednh<\/p>\n","protected":false},"author":1,"featured_media":0,"parent":0,"menu_order":0,"comment_status":"closed","ping_status":"closed","template":"","meta":{"_acf_changed":false,"footnotes":""},"class_list":["post-1798","page","type-page","status-publish","hentry"],"acf":[],"_links":{"self":[{"href":"https:\/\/aspswitchboards.com\/vi\/wp-json\/wp\/v2\/pages\/1798","targetHints":{"allow":["GET"]}}],"collection":[{"href":"https:\/\/aspswitchboards.com\/vi\/wp-json\/wp\/v2\/pages"}],"about":[{"href":"https:\/\/aspswitchboards.com\/vi\/wp-json\/wp\/v2\/types\/page"}],"author":[{"embeddable":true,"href":"https:\/\/aspswitchboards.com\/vi\/wp-json\/wp\/v2\/users\/1"}],"replies":[{"embeddable":true,"href":"https:\/\/aspswitchboards.com\/vi\/wp-json\/wp\/v2\/comments?post=1798"}],"version-history":[{"count":3,"href":"https:\/\/aspswitchboards.com\/vi\/wp-json\/wp\/v2\/pages\/1798\/revisions"}],"predecessor-version":[{"id":1801,"href":"https:\/\/aspswitchboards.com\/vi\/wp-json\/wp\/v2\/pages\/1798\/revisions\/1801"}],"wp:attachment":[{"href":"https:\/\/aspswitchboards.com\/vi\/wp-json\/wp\/v2\/media?parent=1798"}],"curies":[{"name":"wp","href":"https:\/\/api.w.org\/{rel}","templated":true}]}}