{"id":1807,"date":"2019-10-08T13:15:59","date_gmt":"2019-10-08T06:15:59","guid":{"rendered":"https:\/\/aspswitchboards.com\/referance-project\/"},"modified":"2019-11-08T10:16:08","modified_gmt":"2019-11-08T03:16:08","slug":"referance-project","status":"publish","type":"page","link":"https:\/\/aspswitchboards.com\/vi\/referance-project\/","title":{"rendered":"D\u1ef0 \u00c1N \u0110\u00c3 TH\u1ef0C HI\u1ec6N"},"content":{"rendered":"<div class=\"wpb-content-wrapper\"><p>[vc_row][vc_column][vc_custom_heading text=&#8221;H\u1ec6 TH\u1ed0NG &amp; L\u1eaeP \u0110\u1eb6T&#8221; font_container=&#8221;tag:h2|text_align:center|color:%231e73be&#8221; use_theme_fonts=&#8221;yes&#8221;]<div class=\"wt-separator-outer text-center\">\n                                    <div class=\"wt-separator style-square\">\n                                        <span class=\"separator-left bg-primary\"><\/span>\n                                        <span class=\"separator-right bg-primary\"><\/span>\n                                    <\/div>\n                                <\/div>\n[vc_gallery interval=&#8221;5&#8243; images=&#8221;1469,1471,1473,1475,1477,1467&#8243; img_size=&#8221;full&#8221; css=&#8221;.vc_custom_1570612003925{margin-top: 30px !important;}&#8221;][\/vc_column][\/vc_row]<\/p>\n<\/div>","protected":false},"excerpt":{"rendered":"<p>[vc_row][vc_column][vc_custom_heading text=&#8221;H\u1ec6 TH\u1ed0NG &amp; L\u1eaeP \u0110\u1eb6T&#8221; font_container=&#8221;tag:h2|text_align:center|color:%231e73be&#8221; use_theme_fonts=&#8221;yes&#8221;][vc_gallery interval=&#8221;5&#8243; images=&#8221;1469,1471,1473,1475,1477,1467&#8243; img_size=&#8221;full&#8221; css=&#8221;.vc_custom_1570612003925{margin-top: 30px !important;}&#8221;][\/vc_column][\/vc_row]<\/p>\n","protected":false},"author":1,"featured_media":0,"parent":0,"menu_order":0,"comment_status":"closed","ping_status":"closed","template":"page-templates\/fullwidthpage.php","meta":{"_acf_changed":false,"footnotes":""},"class_list":["post-1807","page","type-page","status-publish","hentry"],"acf":[],"_links":{"self":[{"href":"https:\/\/aspswitchboards.com\/vi\/wp-json\/wp\/v2\/pages\/1807","targetHints":{"allow":["GET"]}}],"collection":[{"href":"https:\/\/aspswitchboards.com\/vi\/wp-json\/wp\/v2\/pages"}],"about":[{"href":"https:\/\/aspswitchboards.com\/vi\/wp-json\/wp\/v2\/types\/page"}],"author":[{"embeddable":true,"href":"https:\/\/aspswitchboards.com\/vi\/wp-json\/wp\/v2\/users\/1"}],"replies":[{"embeddable":true,"href":"https:\/\/aspswitchboards.com\/vi\/wp-json\/wp\/v2\/comments?post=1807"}],"version-history":[{"count":2,"href":"https:\/\/aspswitchboards.com\/vi\/wp-json\/wp\/v2\/pages\/1807\/revisions"}],"predecessor-version":[{"id":1809,"href":"https:\/\/aspswitchboards.com\/vi\/wp-json\/wp\/v2\/pages\/1807\/revisions\/1809"}],"wp:attachment":[{"href":"https:\/\/aspswitchboards.com\/vi\/wp-json\/wp\/v2\/media?parent=1807"}],"curies":[{"name":"wp","href":"https:\/\/api.w.org\/{rel}","templated":true}]}}