{"id":2201,"date":"2020-10-13T11:19:57","date_gmt":"2020-10-13T04:19:57","guid":{"rendered":"https:\/\/aspswitchboards.com\/?page_id=2201"},"modified":"2020-10-13T11:24:42","modified_gmt":"2020-10-13T04:24:42","slug":"automation","status":"publish","type":"page","link":"https:\/\/aspswitchboards.com\/vi\/automation\/","title":{"rendered":"T\u1ef0 \u0110\u1ed8NG H\u00d3A"},"content":{"rendered":"<div class=\"wpb-content-wrapper\"><p>[vc_row content_placement=&#8221;middle&#8221;][vc_column][vc_column_text el_class=&#8221;mb-0 text-uppercase&#8221;]<\/p>\n<h2>Ngu\u1ed3n nh\u00e2n l\u1ef1c <span style=\"color: #ff6600;\">t\u1ef1 \u0111\u1ed9ng h\u00f3a<\/span><\/h2>\n<p>[\/vc_column_text]<div class=\"wt-separator-outer \">\n                                    <div class=\"wt-separator style-square\">\n                                        <span class=\"separator-left bg-primary\"><\/span>\n                                        <span class=\"separator-right bg-primary\"><\/span>\n                                    <\/div>\n                                <\/div>\n[vc_empty_space height=&#8221;25px&#8221;][\/vc_column][vc_column width=&#8221;1\/2&#8243;][vc_column_text]<\/p>\n<ul>\n<li>V\u1edbi 20 k\u1ef9 s\u01b0 chuy\u00ean ng\u00e0nh \u0111i\u1ec1u khi\u1ec3n v\u00e0 t\u1ef1 \u0111\u1ed9ng h\u00f3a (10 nh\u00e2n vi\u00ean R&amp;D , 02 nh\u00e2n vi\u00ean d\u1ecbch v\u1ee5, 03 nh\u00e2n vi\u00ean thi\u1ebft k\u1ebf, 05 qu\u1ea3n l\u00ed d\u1ef1 \u00e1n).<\/li>\n<li>Ch\u00fang t\u00f4i s\u1eed d\u1ee5ng c\u00e1c gi\u1ea3i ph\u00e1p t\u1ed1t nh\u1ea5t v\u1ec1 ph\u1ea7n c\u1ee9ng v\u00e0 ph\u1ea7n m\u1ec1m c\u1ee7a c\u00e1c h\u00e0ng n\u1ed7i ti\u1ebfng tr\u00ean th\u1ebf gi\u1edbi.<\/li>\n<\/ul>\n<p>[\/vc_column_text][\/vc_column][vc_column width=&#8221;1\/2&#8243;][vc_single_image image=&#8221;345&#8243; img_size=&#8221;full&#8221; alignment=&#8221;center&#8221; onclick=&#8221;link_image&#8221;][\/vc_column][\/vc_row][vc_row][vc_column][vc_column_text el_class=&#8221;mb-0 text-uppercase&#8221;]<\/p>\n<h2>\u1ee8ng <span style=\"color: #ff6600;\">d\u1ee5ng.<\/span><\/h2>\n<p>[\/vc_column_text]<div class=\"wt-separator-outer \">\n                                    <div class=\"wt-separator style-square\">\n                                        <span class=\"separator-left bg-primary\"><\/span>\n                                        <span class=\"separator-right bg-primary\"><\/span>\n                                    <\/div>\n                                <\/div>\n[vc_empty_space height=&#8221;25px&#8221;][vc_row_inner equal_height=&#8221;yes&#8221; content_placement=&#8221;middle&#8221;][vc_column_inner width=&#8221;1\/2&#8243;][vc_single_image image=&#8221;163&#8243; img_size=&#8221;full&#8221; alignment=&#8221;center&#8221;][\/vc_column_inner][vc_column_inner width=&#8221;1\/2&#8243;][vc_column_text]* \u0110i\u1ec1u khi\u1ec3n v\u00e0 gi\u00e1m s\u00e1t h\u1ec7 th\u1ed1ng n\u0103ng l\u01b0\u1ee3ng, qu\u1ea3n l\u00ed h\u1ec7 th\u1ed1ng\u00a0 (PMS), t\u1ed1i \u01b0u h\u00f3a vi\u1ec7c gi\u00e1m s\u00e1t v\u00e0 qu\u1ea3n l\u00ed h\u1ec7 th\u1ed1ng.[\/vc_column_text][\/vc_column_inner][\/vc_row_inner][vc_row_inner equal_height=&#8221;yes&#8221; content_placement=&#8221;middle&#8221;][vc_column_inner width=&#8221;1\/2&#8243;][vc_column_text]* h\u1ec7 th\u1ed1ng t\u1ef1 \u0111\u1ed9ng trong x\u00e2y d\u1ef1ng, h\u1ec7 th\u1ed1ng \u0111i\u1ec1u khi\u1ec3n HVAC.<\/p>\n<p>* PLC &amp; SCADA gi\u1ea3i ph\u00e1p t\u1ef1 \u0111\u1ed9ng trong nh\u00e0 m\u00e1y v\u00e0 gi\u1ea3i ph\u00e1p theo d\u00f5i ho\u1ea1t \u0111\u1ed9ng.[\/vc_column_text][\/vc_column_inner][vc_column_inner width=&#8221;1\/2&#8243;][vc_single_image image=&#8221;164&#8243; img_size=&#8221;full&#8221; alignment=&#8221;center&#8221;][\/vc_column_inner][\/vc_row_inner][\/vc_column][\/vc_row]<\/p>\n<\/div>","protected":false},"excerpt":{"rendered":"<p>[vc_row content_placement=&#8221;middle&#8221;][vc_column][vc_column_text el_class=&#8221;mb-0 text-uppercase&#8221;] Ngu\u1ed3n nh\u00e2n l\u1ef1c t\u1ef1 \u0111\u1ed9ng h\u00f3a [\/vc_column_text][vc_empty_space height=&#8221;25px&#8221;][\/vc_column][vc_column width=&#8221;1\/2&#8243;][vc_column_text] V\u1edbi 20 k\u1ef9 s\u01b0 chuy\u00ean ng\u00e0nh \u0111i\u1ec1u khi\u1ec3n v\u00e0 t\u1ef1 \u0111\u1ed9ng h\u00f3a (10 nh\u00e2n vi\u00ean R&amp;D , 02 nh\u00e2n vi\u00ean d\u1ecbch v\u1ee5, 03 nh\u00e2n vi\u00ean thi\u1ebft k\u1ebf, 05 qu\u1ea3n l\u00ed d\u1ef1 \u00e1n). Ch\u00fang t\u00f4i s\u1eed d\u1ee5ng c\u00e1c gi\u1ea3i ph\u00e1p t\u1ed1t nh\u1ea5t v\u1ec1<\/p>\n","protected":false},"author":1,"featured_media":0,"parent":0,"menu_order":0,"comment_status":"closed","ping_status":"closed","template":"page-templates\/fullwidthpage.php","meta":{"_acf_changed":false,"footnotes":""},"class_list":["post-2201","page","type-page","status-publish","hentry"],"acf":[],"_links":{"self":[{"href":"https:\/\/aspswitchboards.com\/vi\/wp-json\/wp\/v2\/pages\/2201","targetHints":{"allow":["GET"]}}],"collection":[{"href":"https:\/\/aspswitchboards.com\/vi\/wp-json\/wp\/v2\/pages"}],"about":[{"href":"https:\/\/aspswitchboards.com\/vi\/wp-json\/wp\/v2\/types\/page"}],"author":[{"embeddable":true,"href":"https:\/\/aspswitchboards.com\/vi\/wp-json\/wp\/v2\/users\/1"}],"replies":[{"embeddable":true,"href":"https:\/\/aspswitchboards.com\/vi\/wp-json\/wp\/v2\/comments?post=2201"}],"version-history":[{"count":5,"href":"https:\/\/aspswitchboards.com\/vi\/wp-json\/wp\/v2\/pages\/2201\/revisions"}],"predecessor-version":[{"id":2213,"href":"https:\/\/aspswitchboards.com\/vi\/wp-json\/wp\/v2\/pages\/2201\/revisions\/2213"}],"wp:attachment":[{"href":"https:\/\/aspswitchboards.com\/vi\/wp-json\/wp\/v2\/media?parent=2201"}],"curies":[{"name":"wp","href":"https:\/\/api.w.org\/{rel}","templated":true}]}}