{"id":2216,"date":"2020-10-13T11:34:03","date_gmt":"2020-10-13T04:34:03","guid":{"rendered":"https:\/\/aspswitchboards.com\/?page_id=2216"},"modified":"2020-10-13T13:44:53","modified_gmt":"2020-10-13T06:44:53","slug":"dich-vu","status":"publish","type":"page","link":"https:\/\/aspswitchboards.com\/vi\/dich-vu\/","title":{"rendered":"D\u1ecaCH V\u1ee4"},"content":{"rendered":"<div class=\"wpb-content-wrapper\"><p>[vc_row][vc_column][vc_column_text el_class=&#8221;mb-0&#8243;]<\/p>\n<h2>P.P.C <span style=\"color: #ff6600;\">B\u1ea2O TR\u00cc<\/span><\/h2>\n<p>[\/vc_column_text]<div class=\"wt-separator-outer \">\n                                    <div class=\"wt-separator style-square\">\n                                        <span class=\"separator-left bg-primary\"><\/span>\n                                        <span class=\"separator-right bg-primary\"><\/span>\n                                    <\/div>\n                                <\/div>\n[vc_empty_space height=&#8221;25px&#8221;][\/vc_column][vc_column width=&#8221;4\/12&#8243;][vc_single_image image=&#8221;734&#8243; img_size=&#8221;full&#8221; alignment=&#8221;center&#8221;][\/vc_column][vc_column width=&#8221;4\/12&#8243;][vc_column_text]<\/p>\n<h3><\/h3>\n<p>&nbsp;<\/p>\n<p>&nbsp;<\/p>\n<h4><\/h4>\n<p style=\"text-align: center;\"><strong>B\u1ea3o tr\u00ec \u0111\u1ecbnh k\u1ef3<\/strong><\/p>\n<p style=\"text-align: center;\"><strong>B\u1ea3o tr\u00ec theo d\u1ef1 \u0111o\u00e1n<\/strong><\/p>\n<p style=\"text-align: center;\"><strong>B\u1ea3o tr\u00ec s\u1eeda ch\u1eefa<\/strong><\/p>\n<p>[\/vc_column_text][\/vc_column][vc_column width=&#8221;4\/12&#8243;][vc_single_image image=&#8221;664&#8243; img_size=&#8221;full&#8221; alignment=&#8221;center&#8221;][\/vc_column][\/vc_row][vc_row][vc_column][vc_column_text el_class=&#8221;mb-0&#8243;]<\/p>\n<h2>H\u1ed6 TR\u1ee2 <span style=\"color: #ff6600;\">K\u1ef8 THU\u1eacT<\/span><\/h2>\n<p>[\/vc_column_text]<div class=\"wt-separator-outer \">\n                                    <div class=\"wt-separator style-square\">\n                                        <span class=\"separator-left bg-primary\"><\/span>\n                                        <span class=\"separator-right bg-primary\"><\/span>\n                                    <\/div>\n                                <\/div>\n[vc_empty_space height=&#8221;25px&#8221;][\/vc_column][vc_column width=&#8221;4\/12&#8243;][vc_single_image image=&#8221;144&#8243; img_size=&#8221;full&#8221; alignment=&#8221;center&#8221;][\/vc_column][vc_column width=&#8221;4\/12&#8243;][vc_column_text]<\/p>\n<p>&nbsp;<\/p>\n<ul>\n<li>M\u1edf r\u1ed9ng ho\u1eb7c s\u1eeda \u0111\u1ed5i B\u1ea3ng \u0111i\u1ec1u khi\u1ec3n c\u1ee7a b\u1ea1n v\u1edbi \u0111\u1ea7y \u0111\u1ee7 nhu c\u1ea7u:<br \/>\n&#8211; T\u1ee7 ph\u00e2n ph\u1ed1i h\u1ea1 th\u1ebf.<br \/>\n&#8211; T\u1ee7 PLC\u00a0 v\u00e0 h\u1ec7 th\u1ed1ng SCADA.<br \/>\n&#8211; C\u1ed1 \u0111\u1ecbnh &amp; ng\u0103n k\u00e9o t\u1ee7 \u0111i\u1ec1u khi\u1ec3n \u0111\u1ed9ng c\u01a1 trung t\u00e2m.<br \/>\n&#8211; T\u1ee7 h\u00f2a \u0111\u1ed3ng b\u1ed9.<\/li>\n<li>L\u1eafp \u0111\u1eb7t &#8211; ki\u1ec3m tra &amp; ho\u00e0n thi\u1ec7n b\u1edfi k\u1ef9 s\u01b0 gi\u00e0u kinh nghi\u1ec7m.<\/li>\n<li>Hu\u1ea5n luy\u1ec7n &amp; gi\u1ea3i ph\u00e1p c\u1ee7a ch\u00fang t\u00f4i s\u1ebd gi\u00fap \u0111\u01b0a ra s\u1ebd gi\u00fap b\u1ea1n quy\u1ebft \u0111\u1ecbnh \u0111\u00fang.<\/li>\n<\/ul>\n<p>[\/vc_column_text][\/vc_column][vc_column width=&#8221;4\/12&#8243;][vc_single_image image=&#8221;719&#8243; img_size=&#8221;full&#8221; alignment=&#8221;center&#8221;][\/vc_column][\/vc_row][vc_row][vc_column][vc_column_text el_class=&#8221;mb-0&#8243;]<\/p>\n<h2>H\u1ed6 TR\u1ee2 <span style=\"color: #ff6600;\">KH\u1ea8N C\u1ea4P<\/span><\/h2>\n<p>[\/vc_column_text]<div class=\"wt-separator-outer \">\n                                    <div class=\"wt-separator style-square\">\n                                        <span class=\"separator-left bg-primary\"><\/span>\n                                        <span class=\"separator-right bg-primary\"><\/span>\n                                    <\/div>\n                                <\/div>\n[vc_empty_space height=&#8221;25px&#8221;][\/vc_column][vc_column width=&#8221;4\/12&#8243;][vc_single_image image=&#8221;149&#8243; img_size=&#8221;full&#8221; alignment=&#8221;center&#8221;][\/vc_column][vc_column width=&#8221;4\/12&#8243;][vc_column_text]<\/p>\n<p>&nbsp;<\/p>\n<p>&nbsp;<\/p>\n<ul>\n<li><b><i>\u0110\u01b0\u1eddng d\u00e2y n\u00f3ng xuy\u00ean su\u1ed1t 24 gi\u1edd<\/i><\/b>,<br \/>\nNh\u00e2n vi\u00ean h\u1ed7 tr\u1ee3 ch\u00fang t\u00f4i s\u1ebd \u0111\u1ebfn ngay \u0111\u1ec3 h\u1ed7 tr\u1ee3 b\u1ea1n.<\/li>\n<li><strong><em>B\u1ea5t k\u1ec3 b\u1ea1n \u1edf \u0111\u00e2u<\/em><\/strong>,<br \/>\nNh\u00e2n vi\u00ean ch\u00fang t\u00f4i lu\u00f4n c\u00f3 m\u1eb7t kh\u1eafp Vi\u1ec7t Nam \u0111\u1ec3 h\u1ed7 tr\u1ee3 v\u1ea5n \u0111\u1ec1 c\u1ee7a b\u1ea1n.<\/li>\n<li>Ch\u1ea5t l\u01b0\u1ee3ng lu\u00f4n l\u00e0 \u0111i\u1ec3m \u01b0u ti\u00ean h\u00e0ng \u0111\u1ea7u c\u1ee7a ch\u00fang t\u00f4i.<\/li>\n<\/ul>\n<p>[\/vc_column_text][\/vc_column][vc_column width=&#8221;4\/12&#8243;][vc_single_image image=&#8221;723&#8243; img_size=&#8221;full&#8221; alignment=&#8221;center&#8221;][\/vc_column][\/vc_row][vc_row][vc_column][vc_column_text]<\/p>\n<h3 style=\"text-align: center;\"><span style=\"color: #ff6600;\"><em>&#8221; Ch\u00fang t\u00f4i s\u1ebd gi\u00fap h\u1ec7 th\u1ed1ng c\u1ee7a b\u1ea1n \u1ed5n \u0111\u1ecbnh h\u01a1n, \u0111\u00e1ng tin c\u1eady v\u00e0 b\u1ec1n v\u1eefng h\u01a1n !&#8221;<\/em><\/span><\/h3>\n<p>[\/vc_column_text][\/vc_column][\/vc_row]<\/p>\n<\/div>","protected":false},"excerpt":{"rendered":"<p>[vc_row][vc_column][vc_column_text el_class=&#8221;mb-0&#8243;] P.P.C B\u1ea2O TR\u00cc [\/vc_column_text][vc_empty_space height=&#8221;25px&#8221;][\/vc_column][vc_column width=&#8221;4\/12&#8243;][vc_single_image image=&#8221;734&#8243; img_size=&#8221;full&#8221; alignment=&#8221;center&#8221;][\/vc_column][vc_column width=&#8221;4\/12&#8243;][vc_column_text] &nbsp; &nbsp; B\u1ea3o tr\u00ec \u0111\u1ecbnh k\u1ef3 B\u1ea3o tr\u00ec theo d\u1ef1 \u0111o\u00e1n B\u1ea3o tr\u00ec s\u1eeda ch\u1eefa [\/vc_column_text][\/vc_column][vc_column width=&#8221;4\/12&#8243;][vc_single_image image=&#8221;664&#8243; img_size=&#8221;full&#8221; alignment=&#8221;center&#8221;][\/vc_column][\/vc_row][vc_row][vc_column][vc_column_text el_class=&#8221;mb-0&#8243;] H\u1ed6 TR\u1ee2 K\u1ef8 THU\u1eacT [\/vc_column_text][vc_empty_space height=&#8221;25px&#8221;][\/vc_column][vc_column width=&#8221;4\/12&#8243;][vc_single_image image=&#8221;144&#8243; img_size=&#8221;full&#8221; alignment=&#8221;center&#8221;][\/vc_column][vc_column width=&#8221;4\/12&#8243;][vc_column_text] &nbsp; M\u1edf r\u1ed9ng ho\u1eb7c s\u1eeda \u0111\u1ed5i B\u1ea3ng \u0111i\u1ec1u khi\u1ec3n c\u1ee7a b\u1ea1n<\/p>\n","protected":false},"author":1,"featured_media":0,"parent":0,"menu_order":0,"comment_status":"closed","ping_status":"closed","template":"page-templates\/fullwidthpage.php","meta":{"_acf_changed":false,"footnotes":""},"class_list":["post-2216","page","type-page","status-publish","hentry"],"acf":[],"_links":{"self":[{"href":"https:\/\/aspswitchboards.com\/vi\/wp-json\/wp\/v2\/pages\/2216","targetHints":{"allow":["GET"]}}],"collection":[{"href":"https:\/\/aspswitchboards.com\/vi\/wp-json\/wp\/v2\/pages"}],"about":[{"href":"https:\/\/aspswitchboards.com\/vi\/wp-json\/wp\/v2\/types\/page"}],"author":[{"embeddable":true,"href":"https:\/\/aspswitchboards.com\/vi\/wp-json\/wp\/v2\/users\/1"}],"replies":[{"embeddable":true,"href":"https:\/\/aspswitchboards.com\/vi\/wp-json\/wp\/v2\/comments?post=2216"}],"version-history":[{"count":2,"href":"https:\/\/aspswitchboards.com\/vi\/wp-json\/wp\/v2\/pages\/2216\/revisions"}],"predecessor-version":[{"id":2218,"href":"https:\/\/aspswitchboards.com\/vi\/wp-json\/wp\/v2\/pages\/2216\/revisions\/2218"}],"wp:attachment":[{"href":"https:\/\/aspswitchboards.com\/vi\/wp-json\/wp\/v2\/media?parent=2216"}],"curies":[{"name":"wp","href":"https:\/\/api.w.org\/{rel}","templated":true}]}}