{"id":478,"date":"2019-06-03T07:13:52","date_gmt":"2019-06-03T07:13:52","guid":{"rendered":"https:\/\/aspswitchboards.com\/solar\/"},"modified":"2020-10-13T13:38:27","modified_gmt":"2020-10-13T06:38:27","slug":"solar","status":"publish","type":"page","link":"https:\/\/aspswitchboards.com\/vi\/solar\/","title":{"rendered":"ASP SOLAR"},"content":{"rendered":"<div class=\"wpb-content-wrapper\"><p>[vc_row equal_height=&#8221;yes&#8221; content_placement=&#8221;middle&#8221;][vc_column][vc_column_text el_class=&#8221;mb-0&#8243;]<\/p>\n<h1 style=\"text-align: center;\">D\u1ecaCH V\u1ee4 <span style=\"color: #ff6600;\">CH\u00daNG T\u00d4I<\/span><\/h1>\n<p>[\/vc_column_text]<div class=\"wt-separator-outer text-center\">\n                                    <div class=\"wt-separator style-square\">\n                                        <span class=\"separator-left bg-primary\"><\/span>\n                                        <span class=\"separator-right bg-primary\"><\/span>\n                                    <\/div>\n                                <\/div>\n[vc_column_text css=&#8221;.vc_custom_1573099131609{margin-bottom: 50px !important;}&#8221;]<span style=\"color: #808080;\"><a style=\"color: #808080;\" href=\"https:\/\/aspswitchboards.com\/en\/our-system\/\">\u00a0H\u1ec6 TH\u1ed0NG CH\u00daNG T\u00d4I<\/a><\/span><\/p>\n<hr \/>\n<p><span style=\"color: #808080;\"><a style=\"color: #808080;\" href=\"https:\/\/aspswitchboards.com\/en\/our-engineer\/\">\u00a0N\u0102NG\u00a0 L\u1ef0C<\/a><\/span><\/p>\n<hr \/>\n<p><span style=\"color: #808080;\"><a style=\"color: #808080;\" href=\"https:\/\/aspswitchboards.com\/en\/referance-project\/\">D\u1ef0 \u00c1N \u0110\u00c3 TH\u1ef0C HI\u1ec6N\u00a0<\/a><\/span><\/p>\n<hr \/>\n<p><span style=\"color: #808080;\"><a style=\"color: #808080;\" href=\"https:\/\/aspswitchboards.com\/wp-content\/uploads\/2019\/10\/B\u00e1o-Gi\u00e1-Solar.pdf\">B\u00c1O GI\u00c1<\/a><\/span>[\/vc_column_text][vc_row_inner][vc_column_inner width=&#8221;1\/3&#8243;][vc_custom_heading text=&#8221;GI\u1ea2I PH\u00c1P T\u1ed0I \u01afU H\u00d3A DI\u1ec6N T\u00cdCH&#8221; font_container=&#8221;tag:h6|text_align:center|color:%23ef8426&#8243; use_theme_fonts=&#8221;yes&#8221; link=&#8221;url:https%3A%2F%2Faspswitchboards.com%2Fen%2Futility-scale-pv-solutions-2%2F|title:UTILITY%20SCALE%20PV%20SOLUTIONS|target:%20_blank|&#8221;][vc_single_image image=&#8221;1035&#8243; img_size=&#8221;medium&#8221; alignment=&#8221;center&#8221; style=&#8221;vc_box_shadow_3d&#8221; onclick=&#8221;custom_link&#8221; link=&#8221;https:\/\/aspswitchboards.com\/en\/utility-scale-pv-solutions-2\/&#8221;][\/vc_column_inner][vc_column_inner width=&#8221;1\/3&#8243;][vc_custom_heading text=&#8221;GI\u1ea2I PH\u00c1P L\u01afU TR\u1eee N\u0102NG L\u01af\u1ee2NG&#8221; font_container=&#8221;tag:h6|text_align:center|color:%23ef8426&#8243; use_theme_fonts=&#8221;yes&#8221; link=&#8221;url:https%3A%2F%2Faspswitchboards.com%2Fen%2Fenergy-storage-solutions%2F|title:ENERGY%20STORAGE%20SOLUTIONS|target:%20_blank|&#8221;][vc_single_image image=&#8221;1039&#8243; img_size=&#8221;medium&#8221; alignment=&#8221;center&#8221; style=&#8221;vc_box_shadow_3d&#8221; onclick=&#8221;custom_link&#8221; link=&#8221;http:\/\/aspswitchboards.com\/en\/energy-storage-solutions\/&#8221;][\/vc_column_inner][vc_column_inner width=&#8221;1\/3&#8243;][vc_custom_heading text=&#8221;GI\u1ea2I PH\u00c1P CHO H\u1ec6 TH\u1ed0NG B\u01a0M&#8221; font_container=&#8221;tag:h6|text_align:center|color:%23ef8426&#8243; use_theme_fonts=&#8221;yes&#8221; link=&#8221;url:https%3A%2F%2Faspswitchboards.com%2Fen%2Fsolar-water-pump%2F|title:SOLAR%20WATER%20PUMP|target:%20_blank|&#8221;][vc_single_image image=&#8221;1053&#8243; img_size=&#8221;medium&#8221; alignment=&#8221;center&#8221; style=&#8221;vc_box_shadow_3d&#8221; onclick=&#8221;custom_link&#8221; link=&#8221;https:\/\/aspswitchboards.com\/en\/solar-water-pump\/&#8221;][\/vc_column_inner][\/vc_row_inner][vc_row_inner css=&#8221;.vc_custom_1570609925584{margin-bottom: 100px !important;}&#8221;][vc_column_inner width=&#8221;1\/2&#8243; css=&#8221;.vc_custom_1570524910498{margin-right: 0px !important;}&#8221;][vc_custom_heading text=&#8221;H\u1ec6 TH\u1ed0NG NH\u00c0 TH\u00d4NG MINH&#8221; font_container=&#8221;tag:h6|text_align:right|color:%23ef8426&#8243; use_theme_fonts=&#8221;yes&#8221; css=&#8221;.vc_custom_1602571066170{margin-right: 80px !important;margin-left: px !important;border-right-width: px !important;}&#8221; link=&#8221;url:https%3A%2F%2Faspswitchboards.com%2Fen%2Fresidental%2F|title:RESIDENTAL|target:%20_blank|&#8221;][vc_single_image image=&#8221;1074&#8243; img_size=&#8221;medium&#8221; alignment=&#8221;right&#8221; style=&#8221;vc_box_shadow_3d&#8221; onclick=&#8221;custom_link&#8221; css=&#8221;.vc_custom_1570602985269{margin-right: 30px !important;}&#8221; link=&#8221;https:\/\/aspswitchboards.com\/en\/?page_id=1259&amp;preview=true&#8221;][\/vc_column_inner][vc_column_inner width=&#8221;1\/2&#8243;][vc_custom_heading text=&#8221;H\u1ec6 TH\u1ed0NG TH\u01af\u01a0NG M\u1ea0I &amp; C\u00d4NG NGHI\u1ec6P&#8221; font_container=&#8221;tag:h6|text_align:left|color:%23ef8426&#8243; use_theme_fonts=&#8221;yes&#8221; css=&#8221;.vc_custom_1573099012181{margin-left: 40px !important;border-left-width: 0px !important;}&#8221; link=&#8221;url:https%3A%2F%2Faspswitchboards.com%2Fen%2Fcommercial-industrial-solution%2F|title:COMMERCIAL%20%26%20INDUSTRIAL%20SOLUTION|target:%20_blank|&#8221;][vc_single_image image=&#8221;1069&#8243; img_size=&#8221;medium&#8221; style=&#8221;vc_box_shadow_3d&#8221; onclick=&#8221;custom_link&#8221; css=&#8221;.vc_custom_1570591221118{margin-left: 30px !important;}&#8221; link=&#8221;https:\/\/aspswitchboards.com\/en\/?page_id=1266&amp;preview=true&#8221;][\/vc_column_inner][\/vc_row_inner][\/vc_column][\/vc_row][vc_row equal_height=&#8221;yes&#8221; content_placement=&#8221;middle&#8221;][vc_column][vc_column_text el_class=&#8221;mb-0&#8243;]<\/p>\n<h1 style=\"text-align: center;\">T\u1ea0I SAO N\u00caN CH\u1eccN <span style=\"color: #ff6600;\">ASP SOLAR ?<\/span><\/h1>\n<p>[\/vc_column_text]<div class=\"wt-separator-outer text-center\">\n                                    <div class=\"wt-separator style-square\">\n                                        <span class=\"separator-left bg-primary\"><\/span>\n                                        <span class=\"separator-right bg-primary\"><\/span>\n                                    <\/div>\n                                <\/div>\n[vc_empty_space height=&#8221;50px&#8221;][\/vc_column][\/vc_row][vc_row][vc_column][vc_gallery interval=&#8221;5&#8243; images=&#8221;1674,1441,1525,1662,1668&#8243; img_size=&#8221;full&#8221;][\/vc_column][\/vc_row][vc_row][vc_column][vc_custom_heading text=&#8221;LI\u00caN H\u1ec6 V\u1edaI CH\u00daNG T\u00d4I&#8221; font_container=&#8221;tag:h3|text_align:center|color:%23f98918&#8243; use_theme_fonts=&#8221;yes&#8221; link=&#8221;url:https%3A%2F%2Faspswitchboards.com%2Fen%2Fcontacts%2F|title:ASP%20SOLAR|target:%20_blank|&#8221;]<div class=\"wt-separator-outer text-center\">\n                                    <div class=\"wt-separator style-square\">\n                                        <span class=\"separator-left bg-primary\"><\/span>\n                                        <span class=\"separator-right bg-primary\"><\/span>\n                                    <\/div>\n                                <\/div>\n[\/vc_column][\/vc_row]<\/p>\n<\/div>","protected":false},"excerpt":{"rendered":"<p>[vc_row equal_height=&#8221;yes&#8221; content_placement=&#8221;middle&#8221;][vc_column][vc_column_text el_class=&#8221;mb-0&#8243;] D\u1ecaCH V\u1ee4 CH\u00daNG T\u00d4I [\/vc_column_text][vc_column_text css=&#8221;.vc_custom_1573099131609{margin-bottom: 50px !important;}&#8221;]\u00a0H\u1ec6 TH\u1ed0NG CH\u00daNG T\u00d4I \u00a0N\u0102NG\u00a0 L\u1ef0C D\u1ef0 \u00c1N \u0110\u00c3 TH\u1ef0C HI\u1ec6N\u00a0 B\u00c1O GI\u00c1[\/vc_column_text][vc_row_inner][vc_column_inner width=&#8221;1\/3&#8243;][vc_custom_heading text=&#8221;GI\u1ea2I PH\u00c1P T\u1ed0I \u01afU H\u00d3A DI\u1ec6N T\u00cdCH&#8221; font_container=&#8221;tag:h6|text_align:center|color:%23ef8426&#8243; use_theme_fonts=&#8221;yes&#8221; link=&#8221;url:https%3A%2F%2Faspswitchboards.com%2Fen%2Futility-scale-pv-solutions-2%2F|title:UTILITY%20SCALE%20PV%20SOLUTIONS|target:%20_blank|&#8221;][vc_single_image image=&#8221;1035&#8243; img_size=&#8221;medium&#8221; alignment=&#8221;center&#8221; style=&#8221;vc_box_shadow_3d&#8221; onclick=&#8221;custom_link&#8221; link=&#8221;https:\/\/aspswitchboards.com\/en\/utility-scale-pv-solutions-2\/&#8221;][\/vc_column_inner][vc_column_inner width=&#8221;1\/3&#8243;][vc_custom_heading text=&#8221;GI\u1ea2I PH\u00c1P L\u01afU TR\u1eee N\u0102NG L\u01af\u1ee2NG&#8221; font_container=&#8221;tag:h6|text_align:center|color:%23ef8426&#8243; use_theme_fonts=&#8221;yes&#8221; link=&#8221;url:https%3A%2F%2Faspswitchboards.com%2Fen%2Fenergy-storage-solutions%2F|title:ENERGY%20STORAGE%20SOLUTIONS|target:%20_blank|&#8221;][vc_single_image image=&#8221;1039&#8243; img_size=&#8221;medium&#8221; alignment=&#8221;center&#8221; style=&#8221;vc_box_shadow_3d&#8221;<\/p>\n","protected":false},"author":1,"featured_media":0,"parent":0,"menu_order":0,"comment_status":"closed","ping_status":"closed","template":"page-templates\/fullwidthpage.php","meta":{"_acf_changed":false,"footnotes":""},"class_list":["post-478","page","type-page","status-publish","hentry"],"acf":[],"_links":{"self":[{"href":"https:\/\/aspswitchboards.com\/vi\/wp-json\/wp\/v2\/pages\/478","targetHints":{"allow":["GET"]}}],"collection":[{"href":"https:\/\/aspswitchboards.com\/vi\/wp-json\/wp\/v2\/pages"}],"about":[{"href":"https:\/\/aspswitchboards.com\/vi\/wp-json\/wp\/v2\/types\/page"}],"author":[{"embeddable":true,"href":"https:\/\/aspswitchboards.com\/vi\/wp-json\/wp\/v2\/users\/1"}],"replies":[{"embeddable":true,"href":"https:\/\/aspswitchboards.com\/vi\/wp-json\/wp\/v2\/comments?post=478"}],"version-history":[{"count":22,"href":"https:\/\/aspswitchboards.com\/vi\/wp-json\/wp\/v2\/pages\/478\/revisions"}],"predecessor-version":[{"id":481,"href":"https:\/\/aspswitchboards.com\/vi\/wp-json\/wp\/v2\/pages\/478\/revisions\/481"}],"wp:attachment":[{"href":"https:\/\/aspswitchboards.com\/vi\/wp-json\/wp\/v2\/media?parent=478"}],"curies":[{"name":"wp","href":"https:\/\/api.w.org\/{rel}","templated":true}]}}